{"id":9,"date":"2010-12-25T12:47:54","date_gmt":"2010-12-25T11:47:54","guid":{"rendered":"http:\/\/tsc-neptun-nordhausen.de\/wordpress\/"},"modified":"2026-04-09T13:42:46","modified_gmt":"2026-04-09T12:42:46","slug":"verein","status":"publish","type":"page","link":"https:\/\/tsc-neptun-nordhausen.de\/wordpress\/verein\/","title":{"rendered":"Verein"},"content":{"rendered":"<p>Unser Verein TSC Neptun Nordhausen e.V. wurde am 15.03.1990 gegr\u00fcndet. Er ging aus einer ehemaligen Tauchsportgruppe der GST hervor, deren Mitglieder nach der deutschen Einheit die M\u00f6glichkeit der Vereinsgr\u00fcndung nutzten.<\/p>\n<p>Dank der Stadtverwaltung unserer Heimatstadt Nordhausen, hatten wir die M\u00f6glichkeit, ein ca 13000 qm gro\u00dfes Gel\u00e4nde direkt am Tauchersee in Nordhausen zu pachten.<\/p>\n<p>Zu diesem Zeitpunkt stand auf dem Vereinsgel\u00e4nde lediglich eine sehr kleine alte Holzh\u00fctte. Durch gute Kontakte zum Tauchsportverein in Bochum gelang es uns, einen neuwertigen und sehr ger\u00e4umigen Bungalow zu erhalten. Diesen galt es in den Jahren 1993 &#8211; 2001 kontinuierlich auf- und auszubauen, wobei die Nutzung f\u00fcr unsere Vereinsmitglieder bereits 1995 erfolgen konnte. Dank unserer Vereinsmitglieder, welche sehr viele freiwillige Arbeitsstunden an diesem Vereinshaus verbrachten, ist es heute mit einem gro\u00dfen Clubraum, 2 Toiletten, Schlafraum mit 6 Betten, sowie einer gut ausger\u00fcsteten K\u00fcche versehen.<\/p>\n<p>Parallel zu diesem Projekt war es erforderlich, das Vereinsgel\u00e4nde zu Rekultivieren und st\u00e4ndig zu pflegen somit f\u00fcr die Zwecke des Vereins nutzbar zu machen. Viele tausend Arbeitsstunden waren auch hier seit der Gr\u00fcndung des Vereins von den Mitgliedern zu absolvieren, um auf den heutigen Stand eines sehr gepflegten Anwesens zu kommen.<\/p>\n<p>Im Jahr 2002 begannen wir, bedingt durch die kontinuierlich steigende Zahl an Vereinsmitgliedern, mit der Planung und Verwirklichung unseres gr\u00f6\u00dften Projektes, dem Bau eines massiven zweiten Vereinshauses, welches, wenn es sich einrichten l\u00e4sst, auch von befreundeten Tauchvereinen kurzfristig genutzt werden kann. Es gelang uns, dieses Vereinshaus Anfang 2003 seiner Bestimmung \u00fcbergeben zu k\u00f6nnen. Die Vereinsmitglieder sind sehr stolz auf dieses Schmuckst\u00fcck unseres Vereins.<\/p>\n<p>Der Verein unterst\u00fctzt die j\u00e4hrlich stattfindenden Th\u00fcringer Landesmeisterschaften im Orientierungs- tauchen, durch Bereitstellung eines gro\u00dfen Teils des Vereinsgel\u00e4ndes mit Sanit\u00e4ranlagen sowie Nutzung des Hochdruckkompressors durch die Wettk\u00e4mpfer. An dieser Veranstaltung nehmen jeweils bis zu 60 Kinder und Jugendliche teil, welche von 15 Betreuern der Vereine umsorgt werden.<\/p>\n<p>Um den Vereinsmitgliedern das Tauchen jederzeit zu erm\u00f6glichen, war es erforderlich einen F\u00fclldienst, an den vereinseigenen Hochdruckkompressoren einzurichten.<\/p>\n<p>Nat\u00fcrlich f\u00fchren wir j\u00e4hrlich Vereinsveranstaltungen wie z.B.: Weihnachtstauchen, Weihnachtsfeier, Silvestertauchen, Sommerfest, Tauchfahrten zu Zielen innerhalb Deutschlands, sowie (planm\u00e4\u00dfig neu) auch in fernere Ziele durch. In den Wintermonaten, haben wir Dank der Parkhaus und B\u00e4dergesellschaft GmbH und der Stadtverwaltung Nordhausen die M\u00f6glichkeit, das Badehaus in Nordhausen von Oktober bis Ende April zu Zwecken des Trainings zu nutzen.<\/p>\n<p>Der Verein z\u00e4hlt derzeit 100 Mitglieder. Dieses ist die h\u00f6chste Mitgliederzahl seit Vereinsgr\u00fcndung. Zur\u00fcckzuf\u00fchren ist dieses durch die steigende Beliebtheit des Tauchsportes, sowie der sicherlich optimalen Bedingungen, welche wir unseren Mitgliedern bieten k\u00f6nnen.<\/p>\n<p>Der 2026 neu gew\u00e4hlte Vorstand setzt sich aus folgenden 5 Vereinsmitgliedern zusammen:<\/p>\n<p>1. Vorsitzender: Daniel Voigt<\/p>\n<p>2. Vorsitzender: Mario K\u00f6hler<\/p>\n<p>Schatzmeister: Torsten Franke<\/p>\n<p>Verantwortliche f\u00fcr das Vereinsgel\u00e4nde: Raymond Sch\u00fctt<\/p>\n<p>Verantwortlicher f\u00fcr Org. und \u00d6ffentlichkeitsarbeit: Michael Menzel<\/p>\n<p>&nbsp;<\/p>\n<p>&nbsp;<\/p>\n<p style=\"text-align: center;\">&nbsp;<\/p>\n<p style=\"text-align: center;\">&nbsp;<\/p>\n<p>Ein gro\u00dfes Augenmerk richtet der Vorstand auf ein harmonisches Miteinander innerhalb des Vereins!<\/p>\n<p>Geplant ist weiterhin den Kontakt zum Nordh\u00e4user Anglerverband auf ein hohes Niveau zu bringen, da viele gemeinsame Interessen speziell im Umwelt- und Gew\u00e4sserschutz vorhanden sind. Erste gemeinsame Aktivit\u00e4ten in dieser Hinsicht, sind in einem Gespr\u00e4ch mit dem Vorsitzenden dieses Mitgliederstarken Vereins, Herrn Knust, angesprochen und sollten auch verwirklicht werden.<\/p>\n<p>Kontaktanschrift:<\/p>\n<p>TSC Neptun Nordhausen e.V.<\/p>\n<p>c\/o T.Franke<\/p>\n<p>Im Klappenfeld 19<\/p>\n<p>99735 Kleinfurra<\/p>\n<p>Fotos aus den 80`er Jahren, die uns von Sven Taubert und Mario K\u00f6hler zur Verf\u00fcgung gestellt wurden.<\/p>\n<p style=\"text-align: center;\">ngg_shortcode_0_placeholder<\/p>\n","protected":false},"excerpt":{"rendered":"<p>Unser Verein TSC Neptun Nordhausen e.V. wurde am 15.03.1990 gegr\u00fcndet. Er ging aus einer ehemaligen Tauchsportgruppe der GST hervor, deren Mitglieder nach der deutschen Einheit die M\u00f6glichkeit der Vereinsgr\u00fcndung nutzten. Dank der Stadtverwaltung unserer Heimatstadt Nordhausen, hatten wir die M\u00f6glichkeit, ein ca 13000 qm gro\u00dfes Gel\u00e4nde direkt am Tauchersee in Nordhausen zu pachten. Zu diesem [&hellip;]<\/p>\n","protected":false},"author":1,"featured_media":0,"parent":0,"menu_order":3,"comment_status":"closed","ping_status":"open","template":"","meta":{"ngg_post_thumbnail":0,"footnotes":""},"class_list":["post-9","page","type-page","status-publish","hentry"],"aioseo_notices":[],"_links":{"self":[{"href":"https:\/\/tsc-neptun-nordhausen.de\/wordpress\/wp-json\/wp\/v2\/pages\/9","targetHints":{"allow":["GET"]}}],"collection":[{"href":"https:\/\/tsc-neptun-nordhausen.de\/wordpress\/wp-json\/wp\/v2\/pages"}],"about":[{"href":"https:\/\/tsc-neptun-nordhausen.de\/wordpress\/wp-json\/wp\/v2\/types\/page"}],"author":[{"embeddable":true,"href":"https:\/\/tsc-neptun-nordhausen.de\/wordpress\/wp-json\/wp\/v2\/users\/1"}],"replies":[{"embeddable":true,"href":"https:\/\/tsc-neptun-nordhausen.de\/wordpress\/wp-json\/wp\/v2\/comments?post=9"}],"version-history":[{"count":16,"href":"https:\/\/tsc-neptun-nordhausen.de\/wordpress\/wp-json\/wp\/v2\/pages\/9\/revisions"}],"predecessor-version":[{"id":5517,"href":"https:\/\/tsc-neptun-nordhausen.de\/wordpress\/wp-json\/wp\/v2\/pages\/9\/revisions\/5517"}],"wp:attachment":[{"href":"https:\/\/tsc-neptun-nordhausen.de\/wordpress\/wp-json\/wp\/v2\/media?parent=9"}],"curies":[{"name":"wp","href":"https:\/\/api.w.org\/{rel}","templated":true}]}}