{"id":6,"date":"2010-12-25T12:47:18","date_gmt":"2010-12-25T11:47:18","guid":{"rendered":"http:\/\/tsc-neptun-nordhausen.de\/wordpress\/"},"modified":"2025-01-05T15:45:13","modified_gmt":"2025-01-05T14:45:13","slug":"uebernachtung","status":"publish","type":"page","link":"https:\/\/tsc-neptun-nordhausen.de\/wordpress\/uebernachtung\/","title":{"rendered":"\u00dcbernachtung"},"content":{"rendered":"<p>GPS Daten:<\/p>\n<p>L\u00e4ngengrad: 10\u00b0 48` 59&#8222; O&nbsp;&nbsp;&nbsp;,&nbsp;&nbsp;&nbsp; Breitengrad: 51\u00b0 29&#8242; 00&#8222; N<\/p>\n<p>Anreise:&nbsp;&nbsp;&nbsp;&nbsp;&nbsp; <small><a style=\"color: #0000ff; text-align: left;\" href=\"http:\/\/maps.google.de\/maps?f=q&amp;source=embed&amp;hl=de&amp;geocode=&amp;q=Sportverein+TSC+Neptun,+Rothenburgstra%C3%9Fe,+Nordhausen&amp;sll=51.151786,10.415039&amp;sspn=16.458116,36.298828&amp;ie=UTF8&amp;hq=Sportverein+TSC+Neptun,&amp;hnear=Rothenburgstra%C3%9Fe,+99734+Nordhausen,+Th%C3%BCringen&amp;t=h&amp;cid=7414035602150301565&amp;ll=51.48304,10.816812&amp;spn=0.044471,0.113039\" target=\"_blank\" rel=\"noopener noreferrer\">Gr\u00f6\u00dfere Kartenansicht<\/a><\/small><\/p>\n<p>&nbsp;<\/p>\n<p style=\"text-align: left;\"><a href=\"https:\/\/tsc-neptun-nordhausen.de\/wordpress\/wp-content\/uploads\/2011\/04\/G\u00e4stezeltplatz.jpg\"><img loading=\"lazy\" decoding=\"async\" class=\"alignnone size-thumbnail wp-image-731\" title=\"G\u00e4stezeltplatz\" src=\"https:\/\/tsc-neptun-nordhausen.de\/wordpress\/wp-content\/uploads\/2011\/04\/G\u00e4stezeltplatz-150x150.jpg\" alt=\"\" width=\"150\" height=\"150\"><\/a>&nbsp;<a href=\"https:\/\/tsc-neptun-nordhausen.de\/wordpress\/wp-content\/uploads\/2011\/03\/20090509_0031.jpg\"><img loading=\"lazy\" decoding=\"async\" class=\"alignnone size-thumbnail wp-image-706\" title=\"Terasse\" src=\"https:\/\/tsc-neptun-nordhausen.de\/wordpress\/wp-content\/uploads\/2011\/03\/20090509_0031-150x150.jpg\" alt=\"Der Grillplatz auf der Terasse unseres Vereinshauses\" width=\"150\" height=\"150\"><\/a>&nbsp;<a href=\"https:\/\/tsc-neptun-nordhausen.de\/wordpress\/wp-content\/uploads\/2011\/03\/20090509_0030.jpg\"><img loading=\"lazy\" decoding=\"async\" class=\"alignnone size-thumbnail wp-image-705\" title=\"Sitzecke Basisgel\u00e4nde\" src=\"https:\/\/tsc-neptun-nordhausen.de\/wordpress\/wp-content\/uploads\/2011\/03\/20090509_0030-150x150.jpg\" alt=\"Dekobierstation\" width=\"150\" height=\"150\"><\/a><\/p>\n<p style=\"text-align: left;\"><a href=\"https:\/\/tsc-neptun-nordhausen.de\/wordpress\/wp-content\/uploads\/2011\/03\/20090509_0028.jpg\"><img loading=\"lazy\" decoding=\"async\" class=\"alignnone size-thumbnail wp-image-703\" title=\"Rentnertisch Basisigel\u00e4nde\" src=\"https:\/\/tsc-neptun-nordhausen.de\/wordpress\/wp-content\/uploads\/2011\/03\/20090509_0028-150x150.jpg\" alt=\"Die Rentnertische zum anr\u00f6deln auf dem Gel\u00e4nde\" width=\"150\" height=\"150\"><\/a>&nbsp;<a href=\"https:\/\/tsc-neptun-nordhausen.de\/wordpress\/wp-content\/uploads\/2011\/03\/20090509_0029.jpg\"><img loading=\"lazy\" decoding=\"async\" class=\"alignnone size-thumbnail wp-image-704\" title=\"Sitzecke Basisgel\u00e4nde\" src=\"https:\/\/tsc-neptun-nordhausen.de\/wordpress\/wp-content\/uploads\/2011\/03\/20090509_0029-150x150.jpg\" alt=\"\" width=\"150\" height=\"150\"><\/a>&nbsp;<a href=\"https:\/\/tsc-neptun-nordhausen.de\/wordpress\/wp-content\/uploads\/2010\/12\/Ponton_Divejak_Tauchersee.jpg\"><img loading=\"lazy\" decoding=\"async\" class=\"alignnone size-thumbnail wp-image-378\" title=\"Seenlandschaft Ponton Divejak Tauchersee\" src=\"https:\/\/tsc-neptun-nordhausen.de\/wordpress\/wp-content\/uploads\/2010\/12\/Ponton_Divejak_Tauchersee-150x150.jpg\" alt=\"\" width=\"150\" height=\"150\"><\/a><\/p>\n<div id=\"attachment_123\" style=\"width: 310px\" class=\"wp-caption aligncenter\"><a href=\"https:\/\/tsc-neptun-nordhausen.de\/wordpress\/wp-content\/uploads\/2010\/12\/Uebernachtung_Gaestehaus.jpg\"><img loading=\"lazy\" decoding=\"async\" aria-describedby=\"caption-attachment-123\" class=\"size-medium wp-image-123 \" title=\"\u00dcbernachtung G\u00e4stehaus\" src=\"https:\/\/tsc-neptun-nordhausen.de\/wordpress\/wp-content\/uploads\/2010\/12\/Uebernachtung_Gaestehaus-300x225.jpg\" alt=\"\" width=\"300\" height=\"225\" srcset=\"https:\/\/tsc-neptun-nordhausen.de\/wordpress\/wp-content\/uploads\/2010\/12\/Uebernachtung_Gaestehaus-300x225.jpg 300w, https:\/\/tsc-neptun-nordhausen.de\/wordpress\/wp-content\/uploads\/2010\/12\/Uebernachtung_Gaestehaus.jpg 1024w\" sizes=\"auto, (max-width: 300px) 100vw, 300px\" \/><\/a><p id=\"caption-attachment-123\" class=\"wp-caption-text\">G\u00e4stehaus des Vereins<\/p><\/div>\n<p>&nbsp;<\/p>\n<p><a href=\"https:\/\/tsc-neptun-nordhausen.de\/wordpress\/wp-content\/uploads\/2010\/12\/IMG_7758.jpg\"><img loading=\"lazy\" decoding=\"async\" class=\"alignnone size-thumbnail wp-image-1040\" title=\"Schlafraum G\u00e4stehaus\" src=\"https:\/\/tsc-neptun-nordhausen.de\/wordpress\/wp-content\/uploads\/2010\/12\/IMG_7758-150x150.jpg\" alt=\"\" width=\"150\" height=\"150\"><\/a> <a href=\"https:\/\/tsc-neptun-nordhausen.de\/wordpress\/wp-content\/uploads\/2010\/12\/Uebernachtung_K%C3%BCche1.jpg\"><img loading=\"lazy\" decoding=\"async\" class=\"alignnone size-thumbnail wp-image-1041\" title=\"G\u00e4stehaus K\u00fcche\" src=\"https:\/\/tsc-neptun-nordhausen.de\/wordpress\/wp-content\/uploads\/2010\/12\/Uebernachtung_K%C3%BCche1-150x150.jpg\" alt=\"\" width=\"150\" height=\"150\"><\/a> <a href=\"https:\/\/tsc-neptun-nordhausen.de\/wordpress\/wp-content\/uploads\/2010\/12\/IMG_7759.jpg\"><img loading=\"lazy\" decoding=\"async\" class=\"alignnone size-thumbnail wp-image-1042\" title=\"G\u00e4stehaus Bad\" src=\"https:\/\/tsc-neptun-nordhausen.de\/wordpress\/wp-content\/uploads\/2010\/12\/IMG_7759-150x150.jpg\" alt=\"\" width=\"150\" height=\"150\"><\/a><\/p>\n<div class=\"mceTemp mceIEcenter\">\n<div class=\"mceTemp\"><strong>&nbsp;<\/strong><strong>Kostenbeitrag f\u00fcr Vereinsexterne Sporttaucher:<\/strong><\/div>\n<\/div>\n<p style=\"text-align: left;\"><strong>Nutzung des Vereinsgel\u00e4ndes <\/strong>8,00 \u20ac pro Person und Tag (mit oder ohne eigenem Zelt oder Wohnwagen, inklusive Wasseranschluss und Toiletten) auf unserem eingez\u00e4unten Gel\u00e4nde. Kinder unter 12 Jahre 2,00 \u20ac. Stromanschluss 2,00 \u20ac pro Tag.<\/p>\n<ul style=\"text-align: left;\">\n<li>Zelt 3,00 \u20ac &nbsp;und Wohnwagen \/ Wohnmobil 6,00 \u20ac &nbsp;pro Tag.<\/li>\n<\/ul>\n<p style=\"text-align: left;\"><strong>Nutzung des G\u00e4stehaus:<\/strong><\/p>\n<ul style=\"text-align: left;\">\n<li>16,00 \u20ac pro Person und Tag (Mindestbelegung von 2 Personen (inklusive K\u00fcche mit Geschirrsp\u00fcler, Herd und K\u00fchlschrank und Bad) und nat\u00fcrlich die Nutzung des Vereinsgel\u00e4ndes.&nbsp;<\/li>\n<\/ul>\n<p style=\"text-align: left;\"><strong>Flaschenf\u00fcllung:<\/strong><\/p>\n<ul style=\"text-align: left;\">\n<li>0,50 \u20ac pro Liter Pressluft (kein Nitrox)<\/li>\n<\/ul>\n<p style=\"text-align: left;\"><strong>Leihflasche (10 l)<\/strong><\/p>\n<ul style=\"text-align: left;\">\n<li>8,00 \u20ac inklusive F\u00fcllung<\/li>\n<\/ul>\n<p style=\"text-align: left;\">Tauchen im unmittelbar an der Basis befindlichen &#8222;Tauchersee&#8220; ist f\u00fcr unsere G\u00e4ste kostenlos.<\/p>\n<p style=\"text-align: left;\">Aus organisatorischen Gr\u00fcnden werden&nbsp;Buchungsanfragen ausschlie\u00dflich \u00fcber das <a href=\"https:\/\/tsc-neptun-nordhausen.de\/wordpress\/kontakt\">Kontaktformular<\/a> unserer Webseite oder per Mail, an die Mailadresse unseres Vereines entgegengenommen. Telefonische Anfragen sind nicht mehr m\u00f6glich.<\/p>\n<p style=\"text-align: left;\">Die Anfragen werden sehr zeitnah bearbeitet.<\/p>\n","protected":false},"excerpt":{"rendered":"<p>GPS Daten: L\u00e4ngengrad: 10\u00b0 48` 59&#8222; O&nbsp;&nbsp;&nbsp;,&nbsp;&nbsp;&nbsp; Breitengrad: 51\u00b0 29&#8242; 00&#8222; N Anreise:&nbsp;&nbsp;&nbsp;&nbsp;&nbsp; Gr\u00f6\u00dfere Kartenansicht &nbsp; &nbsp;&nbsp; &nbsp;&nbsp; &nbsp; &nbsp;Kostenbeitrag f\u00fcr Vereinsexterne Sporttaucher: Nutzung des Vereinsgel\u00e4ndes 8,00 \u20ac pro Person und Tag (mit oder ohne eigenem Zelt oder Wohnwagen, inklusive Wasseranschluss und Toiletten) auf unserem eingez\u00e4unten Gel\u00e4nde. Kinder unter 12 Jahre 2,00 \u20ac. Stromanschluss 2,00 [&hellip;]<\/p>\n","protected":false},"author":1,"featured_media":0,"parent":0,"menu_order":1,"comment_status":"closed","ping_status":"open","template":"","meta":{"ngg_post_thumbnail":0,"footnotes":""},"class_list":["post-6","page","type-page","status-publish","hentry"],"aioseo_notices":[],"_links":{"self":[{"href":"https:\/\/tsc-neptun-nordhausen.de\/wordpress\/wp-json\/wp\/v2\/pages\/6","targetHints":{"allow":["GET"]}}],"collection":[{"href":"https:\/\/tsc-neptun-nordhausen.de\/wordpress\/wp-json\/wp\/v2\/pages"}],"about":[{"href":"https:\/\/tsc-neptun-nordhausen.de\/wordpress\/wp-json\/wp\/v2\/types\/page"}],"author":[{"embeddable":true,"href":"https:\/\/tsc-neptun-nordhausen.de\/wordpress\/wp-json\/wp\/v2\/users\/1"}],"replies":[{"embeddable":true,"href":"https:\/\/tsc-neptun-nordhausen.de\/wordpress\/wp-json\/wp\/v2\/comments?post=6"}],"version-history":[{"count":12,"href":"https:\/\/tsc-neptun-nordhausen.de\/wordpress\/wp-json\/wp\/v2\/pages\/6\/revisions"}],"predecessor-version":[{"id":5291,"href":"https:\/\/tsc-neptun-nordhausen.de\/wordpress\/wp-json\/wp\/v2\/pages\/6\/revisions\/5291"}],"wp:attachment":[{"href":"https:\/\/tsc-neptun-nordhausen.de\/wordpress\/wp-json\/wp\/v2\/media?parent=6"}],"curies":[{"name":"wp","href":"https:\/\/api.w.org\/{rel}","templated":true}]}}